{"id":1308,"date":"2025-06-20T20:51:48","date_gmt":"2025-06-20T20:51:48","guid":{"rendered":"https:\/\/servirepuestoscarlosgutierrez.com.co\/?page_id=1308"},"modified":"2025-06-20T21:14:05","modified_gmt":"2025-06-20T21:14:05","slug":"productos","status":"publish","type":"page","link":"https:\/\/servirepuestoscarlosgutierrez.com.co\/?page_id=1308","title":{"rendered":"Productos"},"content":{"rendered":"\t\t<div data-elementor-type=\"wp-page\" data-elementor-id=\"1308\" class=\"elementor elementor-1308\">\n\t\t\t\t<div class=\"elementor-element elementor-element-9cb8d09 e-flex e-con-boxed e-con e-parent\" data-id=\"9cb8d09\" data-element_type=\"container\" data-e-type=\"container\">\n\t\t\t\t\t<div class=\"e-con-inner\">\n\t\t\t\t<div class=\"elementor-element elementor-element-b130502 elementor-widget elementor-widget-heading\" data-id=\"b130502\" data-element_type=\"widget\" data-e-type=\"widget\" data-widget_type=\"heading.default\">\n\t\t\t\t<div class=\"elementor-widget-container\">\n\t\t\t\t\t<h2 class=\"elementor-heading-title elementor-size-default\">PRODUCTOS<\/h2>\t\t\t\t<\/div>\n\t\t\t\t<\/div>\n\t\t\t\t\t<\/div>\n\t\t\t\t<\/div>\n\t\t<div class=\"elementor-element elementor-element-6790f98 e-flex e-con-boxed e-con e-parent\" data-id=\"6790f98\" data-element_type=\"container\" data-e-type=\"container\">\n\t\t\t\t\t<div class=\"e-con-inner\">\n\t\t\t\t<div class=\"elementor-element elementor-element-3144871 elementor-widget elementor-widget-text-editor\" data-id=\"3144871\" data-element_type=\"widget\" data-e-type=\"widget\" data-widget_type=\"text-editor.default\">\n\t\t\t\t<div class=\"elementor-widget-container\">\n\t\t\t\t\t\t\t\t\t<p><span style=\"color: #000000;\">Sabemos que mantener tu veh\u00edculo en buen estado es importante, tanto si lo usas para el trabajo, para viajar o simplemente para moverte d\u00eda a d\u00eda; por eso, creamos una tienda virtual pensada en tu veh\u00edculo: clara, pr\u00e1ctica y con el respaldo de productos de calidad.<\/span><\/p><p><span style=\"color: #000000;\">Aqu\u00ed no necesitas ser experto en mec\u00e1nica para encontrar lo que buscas; organizamos cada categor\u00eda de forma sencilla para que navegar sea f\u00e1cil, y si tienes alguna duda, estamos listos para ayudarte.<\/span><\/p><p><span style=\"color: #000000;\">Porque entendemos que cuidar tu veh\u00edculo tambi\u00e9n es cuidar tu tranquilidad. \ud83d\ude97\u2728<\/span><\/p>\t\t\t\t\t\t\t\t<\/div>\n\t\t\t\t<\/div>\n\t\t<div class=\"elementor-element elementor-element-1268f41 e-grid e-con-boxed e-con e-child\" data-id=\"1268f41\" data-element_type=\"container\" data-e-type=\"container\">\n\t\t\t\t\t<div class=\"e-con-inner\">\n\t\t\t\t<div class=\"elementor-element elementor-element-994f8aa elementor-widget elementor-widget-text-editor\" data-id=\"994f8aa\" data-element_type=\"widget\" data-e-type=\"widget\" data-widget_type=\"text-editor.default\">\n\t\t\t\t<div class=\"elementor-widget-container\">\n\t\t\t\t\t\t\t\t\t<p>\u00a0<\/p><p><blockquote class=\"wp-embedded-content\" data-secret=\"1fMmdr1dHT\"><a href=\"https:\/\/servirepuestoscarlosgutierrez.com.co\/?p=1277\">Inyectores<\/a><\/blockquote><iframe class=\"wp-embedded-content\" sandbox=\"allow-scripts\" security=\"restricted\" style=\"position: absolute; clip: rect(1px, 1px, 1px, 1px);\" title=\"&#8220;Inyectores&#8221; &#8212; Servirepuestos Carlos Gutierrez\" src=\"https:\/\/servirepuestoscarlosgutierrez.com.co\/?p=1277&#038;embed=true#?secret=vpMNizqL3D#?secret=1fMmdr1dHT\" data-secret=\"1fMmdr1dHT\" width=\"500\" height=\"282\" frameborder=\"0\" marginwidth=\"0\" marginheight=\"0\" scrolling=\"no\"><\/iframe><\/p><p>\u00a0<\/p>\t\t\t\t\t\t\t\t<\/div>\n\t\t\t\t<\/div>\n\t\t\t\t\t<\/div>\n\t\t\t\t<\/div>\n\t\t\t\t\t<\/div>\n\t\t\t\t<\/div>\n\t\t\t\t<\/div>\n\t\t","protected":false},"excerpt":{"rendered":"<p>PRODUCTOS Sabemos que mantener tu veh\u00edculo en buen estado es importante, tanto si lo usas para el trabajo, para viajar o simplemente para moverte d\u00eda a d\u00eda; por eso, creamos una tienda virtual pensada en tu veh\u00edculo: clara, pr\u00e1ctica y con el respaldo de productos de calidad. Aqu\u00ed no necesitas ser experto en mec\u00e1nica para [&hellip;]<\/p>\n","protected":false},"author":1,"featured_media":0,"parent":0,"menu_order":0,"comment_status":"closed","ping_status":"closed","template":"","meta":{"om_disable_all_campaigns":false,"_uag_custom_page_level_css":"","_monsterinsights_skip_tracking":false,"_monsterinsights_sitenote_active":false,"_monsterinsights_sitenote_note":"","_monsterinsights_sitenote_category":0,"_uf_show_specific_survey":0,"_uf_disable_surveys":false,"site-sidebar-layout":"no-sidebar","site-content-layout":"page-builder","ast-site-content-layout":"full-width-container","site-content-style":"default","site-sidebar-style":"default","ast-global-header-display":"","ast-banner-title-visibility":"","ast-main-header-display":"","ast-hfb-above-header-display":"","ast-hfb-below-header-display":"","ast-hfb-mobile-header-display":"","site-post-title":"disabled","ast-breadcrumbs-content":"","ast-featured-img":"disabled","footer-sml-layout":"","ast-disable-related-posts":"","theme-transparent-header-meta":"","adv-header-id-meta":"","stick-header-meta":"","header-above-stick-meta":"","header-main-stick-meta":"","header-below-stick-meta":"","astra-migrate-meta-layouts":"set","ast-page-background-enabled":"default","ast-page-background-meta":{"desktop":{"background-color":"","background-image":"","background-repeat":"repeat","background-position":"center center","background-size":"auto","background-attachment":"scroll","background-type":"","background-media":"","overlay-type":"","overlay-color":"","overlay-opacity":"","overlay-gradient":""},"tablet":{"background-color":"","background-image":"","background-repeat":"repeat","background-position":"center center","background-size":"auto","background-attachment":"scroll","background-type":"","background-media":"","overlay-type":"","overlay-color":"","overlay-opacity":"","overlay-gradient":""},"mobile":{"background-color":"","background-image":"","background-repeat":"repeat","background-position":"center center","background-size":"auto","background-attachment":"scroll","background-type":"","background-media":"","overlay-type":"","overlay-color":"","overlay-opacity":"","overlay-gradient":""}},"ast-content-background-meta":{"desktop":{"background-color":"var(--ast-global-color-5)","background-image":"","background-repeat":"repeat","background-position":"center center","background-size":"auto","background-attachment":"scroll","background-type":"","background-media":"","overlay-type":"","overlay-color":"","overlay-opacity":"","overlay-gradient":""},"tablet":{"background-color":"var(--ast-global-color-5)","background-image":"","background-repeat":"repeat","background-position":"center center","background-size":"auto","background-attachment":"scroll","background-type":"","background-media":"","overlay-type":"","overlay-color":"","overlay-opacity":"","overlay-gradient":""},"mobile":{"background-color":"var(--ast-global-color-5)","background-image":"","background-repeat":"repeat","background-position":"center center","background-size":"auto","background-attachment":"scroll","background-type":"","background-media":"","overlay-type":"","overlay-color":"","overlay-opacity":"","overlay-gradient":""}},"footnotes":""},"class_list":["post-1308","page","type-page","status-publish","hentry"],"aioseo_notices":[],"uagb_featured_image_src":{"full":false,"thumbnail":false,"medium":false,"medium_large":false,"large":false,"1536x1536":false,"2048x2048":false},"uagb_author_info":{"display_name":"servirepuestoscarlosgutierrez.com.co","author_link":"https:\/\/servirepuestoscarlosgutierrez.com.co\/?author=1"},"uagb_comment_info":0,"uagb_excerpt":"PRODUCTOS Sabemos que mantener tu veh\u00edculo en buen estado es importante, tanto si lo usas para el trabajo, para viajar o simplemente para moverte d\u00eda a d\u00eda; por eso, creamos una tienda virtual pensada en tu veh\u00edculo: clara, pr\u00e1ctica y con el respaldo de productos de calidad. Aqu\u00ed no necesitas ser experto en mec\u00e1nica para&hellip;","_links":{"self":[{"href":"https:\/\/servirepuestoscarlosgutierrez.com.co\/index.php?rest_route=\/wp\/v2\/pages\/1308","targetHints":{"allow":["GET"]}}],"collection":[{"href":"https:\/\/servirepuestoscarlosgutierrez.com.co\/index.php?rest_route=\/wp\/v2\/pages"}],"about":[{"href":"https:\/\/servirepuestoscarlosgutierrez.com.co\/index.php?rest_route=\/wp\/v2\/types\/page"}],"author":[{"embeddable":true,"href":"https:\/\/servirepuestoscarlosgutierrez.com.co\/index.php?rest_route=\/wp\/v2\/users\/1"}],"replies":[{"embeddable":true,"href":"https:\/\/servirepuestoscarlosgutierrez.com.co\/index.php?rest_route=%2Fwp%2Fv2%2Fcomments&post=1308"}],"version-history":[{"count":40,"href":"https:\/\/servirepuestoscarlosgutierrez.com.co\/index.php?rest_route=\/wp\/v2\/pages\/1308\/revisions"}],"predecessor-version":[{"id":1354,"href":"https:\/\/servirepuestoscarlosgutierrez.com.co\/index.php?rest_route=\/wp\/v2\/pages\/1308\/revisions\/1354"}],"wp:attachment":[{"href":"https:\/\/servirepuestoscarlosgutierrez.com.co\/index.php?rest_route=%2Fwp%2Fv2%2Fmedia&parent=1308"}],"curies":[{"name":"wp","href":"https:\/\/api.w.org\/{rel}","templated":true}]}}