{"id":955,"date":"2024-03-04T19:52:54","date_gmt":"2024-03-04T19:52:54","guid":{"rendered":"https:\/\/servirepuestoscarlosgutierrez.com.co\/?page_id=955"},"modified":"2024-03-04T20:38:11","modified_gmt":"2024-03-04T20:38:11","slug":"newsletter","status":"publish","type":"page","link":"https:\/\/servirepuestoscarlosgutierrez.com.co\/?page_id=955","title":{"rendered":"SUSCR\u00edBETE PARA RECIBIR NOTICIAS Y OFERTA SOBRE NUESTROS PRODUCTOS"},"content":{"rendered":"\t\t<div data-elementor-type=\"wp-page\" data-elementor-id=\"955\" class=\"elementor elementor-955\">\n\t\t\t\t<div class=\"elementor-element elementor-element-52eebe5 e-flex e-con-boxed e-con e-parent\" data-id=\"52eebe5\" data-element_type=\"container\" data-e-type=\"container\">\n\t\t\t\t\t<div class=\"e-con-inner\">\n\t\t\t\t<div class=\"elementor-element elementor-element-98ff4a7 elementor-widget elementor-widget-heading\" data-id=\"98ff4a7\" data-element_type=\"widget\" data-e-type=\"widget\" data-widget_type=\"heading.default\">\n\t\t\t\t<div class=\"elementor-widget-container\">\n\t\t\t\t\t<h3 class=\"elementor-heading-title elementor-size-default\">MANTENTE AL D\u00cdA CON NUESTRAS OFERTAS Y NOVEDADES EN REPUESTOS PARA VEH\u00cdCULOS<\/h3>\t\t\t\t<\/div>\n\t\t\t\t<\/div>\n\t\t\t\t\t<\/div>\n\t\t\t\t<\/div>\n\t\t<div class=\"elementor-element elementor-element-3cbbdd4 e-flex e-con-boxed e-con e-parent\" data-id=\"3cbbdd4\" data-element_type=\"container\" data-e-type=\"container\">\n\t\t\t\t\t<div class=\"e-con-inner\">\n\t\t\t\t<div class=\"elementor-element elementor-element-2a24c5c elementor-widget elementor-widget-text-editor\" data-id=\"2a24c5c\" data-element_type=\"widget\" data-e-type=\"widget\" data-widget_type=\"text-editor.default\">\n\t\t\t\t<div class=\"elementor-widget-container\">\n\t\t\t\t\t\t\t\t\t<p><span style=\"color: #000000;\">Nuestros secretos bajo el cap\u00f3: Suscr\u00edbete para acceder a contenido exclusivo y ofertas especiales en repuestos<\/span><\/p>\t\t\t\t\t\t\t\t<\/div>\n\t\t\t\t<\/div>\n\t\t\t\t\t<\/div>\n\t\t\t\t<\/div>\n\t\t<div class=\"elementor-element elementor-element-080f34c e-flex e-con-boxed e-con e-parent\" data-id=\"080f34c\" data-element_type=\"container\" data-e-type=\"container\">\n\t\t\t\t\t<div class=\"e-con-inner\">\n\t\t\t\t<div class=\"elementor-element elementor-element-c859cd7 elementor-widget elementor-widget-wp-widget-newsletterwidget\" data-id=\"c859cd7\" data-element_type=\"widget\" data-e-type=\"widget\" data-widget_type=\"wp-widget-newsletterwidget.default\">\n\t\t\t\t<div class=\"elementor-widget-container\">\n\t\t\t\t\t<div class=\"tnp tnp-subscription tnp-widget\">\n<form method=\"post\" action=\"https:\/\/servirepuestoscarlosgutierrez.com.co\/wp-admin\/admin-ajax.php?action=tnp&amp;na=s\">\n<input type=\"hidden\" name=\"nr\" value=\"widget\">\n<input type=\"hidden\" name=\"nlang\" value=\"\">\n<div class=\"tnp-field tnp-field-firstname\"><label for=\"tnp-1\">Nombre<\/label>\n<input class=\"tnp-name\" type=\"text\" name=\"nn\" id=\"tnp-1\" value=\"\" placeholder=\"\"><\/div>\n<div class=\"tnp-field tnp-field-email\"><label for=\"tnp-2\">Correo electr\u00f3nico<\/label>\n<input class=\"tnp-email\" type=\"email\" name=\"ne\" id=\"tnp-2\" value=\"\" placeholder=\"\" required><\/div>\n<div class=\"tnp-field tnp-field-profile\"><label for=\"tnp-3\">N\u00famero de celular<\/label>\n<input class=\"tnp-profile tnp-profile-1\" id=\"tnp-profile_1\" type=\"text\" size=\"\" name=\"np1\" placeholder=\"\"><\/div>\n<div class=\"tnp-field tnp-field-button\" style=\"text-align: left\"><input class=\"tnp-submit\" type=\"submit\" value=\"Suscribirse\" style=\"\">\n<\/div>\n<\/form>\n<\/div>\n\t\t\t\t<\/div>\n\t\t\t\t<\/div>\n\t\t\t\t\t<\/div>\n\t\t\t\t<\/div>\n\t\t\t\t<\/div>\n\t\t","protected":false},"excerpt":{"rendered":"<p>MANTENTE AL D\u00cdA CON NUESTRAS OFERTAS Y NOVEDADES EN REPUESTOS PARA VEH\u00cdCULOS Nuestros secretos bajo el cap\u00f3: Suscr\u00edbete para acceder a contenido exclusivo y ofertas especiales en repuestos<\/p>\n","protected":false},"author":1,"featured_media":0,"parent":0,"menu_order":0,"comment_status":"closed","ping_status":"closed","template":"","meta":{"om_disable_all_campaigns":false,"_uag_custom_page_level_css":"","_monsterinsights_skip_tracking":false,"_monsterinsights_sitenote_active":false,"_monsterinsights_sitenote_note":"","_monsterinsights_sitenote_category":0,"_uf_show_specific_survey":0,"_uf_disable_surveys":false,"site-sidebar-layout":"default","site-content-layout":"","ast-site-content-layout":"default","site-content-style":"default","site-sidebar-style":"default","ast-global-header-display":"","ast-banner-title-visibility":"","ast-main-header-display":"","ast-hfb-above-header-display":"","ast-hfb-below-header-display":"","ast-hfb-mobile-header-display":"","site-post-title":"disabled","ast-breadcrumbs-content":"","ast-featured-img":"","footer-sml-layout":"","ast-disable-related-posts":"","theme-transparent-header-meta":"","adv-header-id-meta":"","stick-header-meta":"","header-above-stick-meta":"","header-main-stick-meta":"","header-below-stick-meta":"","astra-migrate-meta-layouts":"set","ast-page-background-enabled":"default","ast-page-background-meta":{"desktop":{"background-color":"","background-image":"","background-repeat":"repeat","background-position":"center center","background-size":"auto","background-attachment":"scroll","background-type":"","background-media":"","overlay-type":"","overlay-color":"","overlay-opacity":"","overlay-gradient":""},"tablet":{"background-color":"","background-image":"","background-repeat":"repeat","background-position":"center center","background-size":"auto","background-attachment":"scroll","background-type":"","background-media":"","overlay-type":"","overlay-color":"","overlay-opacity":"","overlay-gradient":""},"mobile":{"background-color":"","background-image":"","background-repeat":"repeat","background-position":"center center","background-size":"auto","background-attachment":"scroll","background-type":"","background-media":"","overlay-type":"","overlay-color":"","overlay-opacity":"","overlay-gradient":""}},"ast-content-background-meta":{"desktop":{"background-color":"var(--ast-global-color-5)","background-image":"","background-repeat":"repeat","background-position":"center center","background-size":"auto","background-attachment":"scroll","background-type":"","background-media":"","overlay-type":"","overlay-color":"","overlay-opacity":"","overlay-gradient":""},"tablet":{"background-color":"var(--ast-global-color-5)","background-image":"","background-repeat":"repeat","background-position":"center center","background-size":"auto","background-attachment":"scroll","background-type":"","background-media":"","overlay-type":"","overlay-color":"","overlay-opacity":"","overlay-gradient":""},"mobile":{"background-color":"var(--ast-global-color-5)","background-image":"","background-repeat":"repeat","background-position":"center center","background-size":"auto","background-attachment":"scroll","background-type":"","background-media":"","overlay-type":"","overlay-color":"","overlay-opacity":"","overlay-gradient":""}},"footnotes":""},"class_list":["post-955","page","type-page","status-publish","hentry"],"aioseo_notices":[],"uagb_featured_image_src":{"full":false,"thumbnail":false,"medium":false,"medium_large":false,"large":false,"1536x1536":false,"2048x2048":false},"uagb_author_info":{"display_name":"servirepuestoscarlosgutierrez.com.co","author_link":"https:\/\/servirepuestoscarlosgutierrez.com.co\/?author=1"},"uagb_comment_info":0,"uagb_excerpt":"MANTENTE AL D\u00cdA CON NUESTRAS OFERTAS Y NOVEDADES EN REPUESTOS PARA VEH\u00cdCULOS Nuestros secretos bajo el cap\u00f3: Suscr\u00edbete para acceder a contenido exclusivo y ofertas especiales en repuestos","_links":{"self":[{"href":"https:\/\/servirepuestoscarlosgutierrez.com.co\/index.php?rest_route=\/wp\/v2\/pages\/955","targetHints":{"allow":["GET"]}}],"collection":[{"href":"https:\/\/servirepuestoscarlosgutierrez.com.co\/index.php?rest_route=\/wp\/v2\/pages"}],"about":[{"href":"https:\/\/servirepuestoscarlosgutierrez.com.co\/index.php?rest_route=\/wp\/v2\/types\/page"}],"author":[{"embeddable":true,"href":"https:\/\/servirepuestoscarlosgutierrez.com.co\/index.php?rest_route=\/wp\/v2\/users\/1"}],"replies":[{"embeddable":true,"href":"https:\/\/servirepuestoscarlosgutierrez.com.co\/index.php?rest_route=%2Fwp%2Fv2%2Fcomments&post=955"}],"version-history":[{"count":16,"href":"https:\/\/servirepuestoscarlosgutierrez.com.co\/index.php?rest_route=\/wp\/v2\/pages\/955\/revisions"}],"predecessor-version":[{"id":993,"href":"https:\/\/servirepuestoscarlosgutierrez.com.co\/index.php?rest_route=\/wp\/v2\/pages\/955\/revisions\/993"}],"wp:attachment":[{"href":"https:\/\/servirepuestoscarlosgutierrez.com.co\/index.php?rest_route=%2Fwp%2Fv2%2Fmedia&parent=955"}],"curies":[{"name":"wp","href":"https:\/\/api.w.org\/{rel}","templated":true}]}}